{"id":124,"date":"2020-03-23T20:02:25","date_gmt":"2020-03-23T20:02:25","guid":{"rendered":"https:\/\/a-conestilo.com\/?page_id=124"},"modified":"2020-03-25T10:07:51","modified_gmt":"2020-03-25T10:07:51","slug":"tratamientos","status":"publish","type":"page","link":"https:\/\/a-conestilo.com\/?page_id=124","title":{"rendered":"Tratamientos"},"content":{"rendered":"\n<p>En Ara\u00f1ame con estilo puedes realizar tus tratamientos FACIALES y CORPORALES<\/p>\n\n\n\n<h2>HIGIENE FACIAL<\/h2>\n\n\n\n<div class=\"wp-container-3 wp-block-group\"><div class=\"wp-block-group__inner-container\">\n<figure class=\"wp-container-2 wp-block-gallery-1 wp-block-gallery columns-2 is-cropped\"><ul class=\"blocks-gallery-grid\"><li class=\"blocks-gallery-item\"><figure><img loading=\"lazy\" width=\"705\" height=\"705\" src=\"https:\/\/a-conestilo.com\/wp-content\/uploads\/2020\/03\/tratamientos-faciales-1.jpg\" alt=\"\" data-id=\"141\" class=\"wp-image-141\" srcset=\"https:\/\/a-conestilo.com\/wp-content\/uploads\/2020\/03\/tratamientos-faciales-1.jpg 705w, https:\/\/a-conestilo.com\/wp-content\/uploads\/2020\/03\/tratamientos-faciales-1-300x300.jpg 300w, https:\/\/a-conestilo.com\/wp-content\/uploads\/2020\/03\/tratamientos-faciales-1-150x150.jpg 150w\" sizes=\"(max-width: 705px) 85vw, 705px\" \/><\/figure><\/li><li class=\"blocks-gallery-item\"><figure><img loading=\"lazy\" width=\"275\" height=\"183\" src=\"https:\/\/a-conestilo.com\/wp-content\/uploads\/2020\/03\/HIGIENE-CHICO-3.jpg\" alt=\"\" data-id=\"142\" data-full-url=\"https:\/\/a-conestilo.com\/wp-content\/uploads\/2020\/03\/HIGIENE-CHICO-3.jpg\" data-link=\"https:\/\/a-conestilo.com\/?attachment_id=142\" class=\"wp-image-142\"\/><\/figure><\/li><\/ul><figcaption class=\"blocks-gallery-caption\">REALIZADA CON NUESTRA L\u00cdNEA COSM\u00c9TICA NATURAL <br>AROMS NATUR &#8211; TE ENAMORAR\u00c1<br><br><br><\/figcaption><\/figure>\n<\/div><\/div>\n\n\n\n<div class=\"wp-container-4 wp-block-group\"><div class=\"wp-block-group__inner-container\">\n<h2>FACIAL GUINOT<\/h2>\n<\/div><\/div>\n\n\n\n<div class=\"wp-block-image\"><figure class=\"alignleft size-large is-resized\"><img loading=\"lazy\" src=\"https:\/\/a-conestilo.com\/wp-content\/uploads\/2020\/03\/EYE-LOGIC-2.jpg\" alt=\"\" class=\"wp-image-145\" width=\"271\" height=\"201\" srcset=\"https:\/\/a-conestilo.com\/wp-content\/uploads\/2020\/03\/EYE-LOGIC-2.jpg 590w, https:\/\/a-conestilo.com\/wp-content\/uploads\/2020\/03\/EYE-LOGIC-2-300x224.jpg 300w\" sizes=\"(max-width: 271px) 85vw, 271px\" \/><\/figure><\/div>\n\n\n\n<figure class=\"wp-block-image size-large is-resized\"><img loading=\"lazy\" src=\"https:\/\/a-conestilo.com\/wp-content\/uploads\/2020\/03\/HYDRA-PEELING-2.jpg\" alt=\"\" class=\"wp-image-146\" width=\"245\" height=\"245\" srcset=\"https:\/\/a-conestilo.com\/wp-content\/uploads\/2020\/03\/HYDRA-PEELING-2.jpg 960w, https:\/\/a-conestilo.com\/wp-content\/uploads\/2020\/03\/HYDRA-PEELING-2-300x300.jpg 300w, https:\/\/a-conestilo.com\/wp-content\/uploads\/2020\/03\/HYDRA-PEELING-2-150x150.jpg 150w, https:\/\/a-conestilo.com\/wp-content\/uploads\/2020\/03\/HYDRA-PEELING-2-768x768.jpg 768w\" sizes=\"(max-width: 245px) 85vw, 245px\" \/><\/figure>\n\n\n\n<h2>CHOCOLATERAPIA<\/h2>\n\n\n\n<p>FACIAL Y CORPORAL<\/p>\n\n\n\n<figure class=\"wp-container-6 wp-block-gallery-5 wp-block-gallery columns-2 is-cropped\"><ul class=\"blocks-gallery-grid\"><li class=\"blocks-gallery-item\"><figure><img loading=\"lazy\" width=\"400\" height=\"266\" src=\"https:\/\/a-conestilo.com\/wp-content\/uploads\/2020\/03\/CHOCOLATERAPIA-FACIAL-4.jpg\" alt=\"\" data-id=\"158\" data-full-url=\"https:\/\/a-conestilo.com\/wp-content\/uploads\/2020\/03\/CHOCOLATERAPIA-FACIAL-4.jpg\" data-link=\"https:\/\/a-conestilo.com\/?attachment_id=158\" class=\"wp-image-158\" srcset=\"https:\/\/a-conestilo.com\/wp-content\/uploads\/2020\/03\/CHOCOLATERAPIA-FACIAL-4.jpg 400w, https:\/\/a-conestilo.com\/wp-content\/uploads\/2020\/03\/CHOCOLATERAPIA-FACIAL-4-300x200.jpg 300w\" sizes=\"(max-width: 400px) 85vw, 400px\" \/><\/figure><\/li><li class=\"blocks-gallery-item\"><figure><img loading=\"lazy\" width=\"450\" height=\"300\" src=\"https:\/\/a-conestilo.com\/wp-content\/uploads\/2020\/03\/CHOCOLATERAPIA-CORPORAL-3.jpg\" alt=\"\" data-id=\"157\" data-full-url=\"https:\/\/a-conestilo.com\/wp-content\/uploads\/2020\/03\/CHOCOLATERAPIA-CORPORAL-3.jpg\" data-link=\"https:\/\/a-conestilo.com\/?attachment_id=157\" class=\"wp-image-157\" srcset=\"https:\/\/a-conestilo.com\/wp-content\/uploads\/2020\/03\/CHOCOLATERAPIA-CORPORAL-3.jpg 450w, https:\/\/a-conestilo.com\/wp-content\/uploads\/2020\/03\/CHOCOLATERAPIA-CORPORAL-3-300x200.jpg 300w\" sizes=\"(max-width: 450px) 85vw, 450px\" \/><\/figure><\/li><\/ul><\/figure>\n\n\n\n<h2>APARATOLOG\u00cdA<\/h2>\n\n\n\n<p><strong><em>THERAPY COOL<\/em><\/strong><\/p>\n\n\n\n<div class=\"wp-container-7 wp-block-group\"><div class=\"wp-block-group__inner-container\">\n<div class=\"wp-block-image\"><figure class=\"alignleft size-large is-resized\"><img loading=\"lazy\" src=\"https:\/\/a-conestilo.com\/wp-content\/uploads\/2020\/03\/therapy-cool-280x200-2.jpg\" alt=\"\" class=\"wp-image-162\" width=\"396\" height=\"282\"\/><figcaption><strong>EL PODER DE LOS CONTRASTES T\u00c9RMICOS &#8211; UNA EXPLOSI\u00d3N DE BIENESTAR<\/strong><br><\/figcaption><\/figure><\/div>\n<\/div><\/div>\n\n\n\n<blockquote class=\"wp-block-quote\"><p>Tratamiento de <strong>BALNEOTERAPIA  M\u00c9TODO KNEIPP<\/strong>    FR\u00cdO-CALOR<\/p><cite><strong>*REMODELA<\/strong> (AYUDA A ADELGAZAR)<br><strong>*DETOXICA<\/strong> (ELIMINACI\u00d3N DE TOXINAS)<br><strong>*REAFIRMA<\/strong> (NUTRE LOS TEJIDOS)<br><strong>*TERMORREGULA<\/strong> (ACTICAVI\u00d3N CIRCULATORIA- MEJORA LAS VARICES&#8230;)<br><strong>*RELAJA<\/strong> (CUERPO Y MENTE)<br><br><\/cite><\/blockquote>\n\n\n\n<h2>ROLLACTION SYSTEN<\/h2>\n\n\n\n<div class=\"wp-container-10 wp-block-group\"><div class=\"wp-block-group__inner-container\">\n<figure class=\"wp-container-9 wp-block-gallery-8 wp-block-gallery columns-2 is-cropped\"><ul class=\"blocks-gallery-grid\"><li class=\"blocks-gallery-item\"><figure><img loading=\"lazy\" width=\"980\" height=\"711\" src=\"https:\/\/a-conestilo.com\/wp-content\/uploads\/2020\/03\/Rollaction_System_rossestetica-980x711-1.jpg\" alt=\"\" data-id=\"164\" data-full-url=\"https:\/\/a-conestilo.com\/wp-content\/uploads\/2020\/03\/Rollaction_System_rossestetica-980x711-1.jpg\" data-link=\"https:\/\/a-conestilo.com\/?attachment_id=164\" class=\"wp-image-164\" srcset=\"https:\/\/a-conestilo.com\/wp-content\/uploads\/2020\/03\/Rollaction_System_rossestetica-980x711-1.jpg 980w, https:\/\/a-conestilo.com\/wp-content\/uploads\/2020\/03\/Rollaction_System_rossestetica-980x711-1-300x218.jpg 300w, https:\/\/a-conestilo.com\/wp-content\/uploads\/2020\/03\/Rollaction_System_rossestetica-980x711-1-768x557.jpg 768w\" sizes=\"(max-width: 709px) 85vw, (max-width: 909px) 67vw, (max-width: 1362px) 62vw, 840px\" \/><\/figure><\/li><li class=\"blocks-gallery-item\"><figure><img loading=\"lazy\" width=\"1024\" height=\"576\" src=\"https:\/\/a-conestilo.com\/wp-content\/uploads\/2020\/03\/ross-rollaction-01-1024x576.jpg\" alt=\"\" data-id=\"369\" data-full-url=\"https:\/\/a-conestilo.com\/wp-content\/uploads\/2020\/03\/ross-rollaction-01.jpg\" data-link=\"https:\/\/a-conestilo.com\/?attachment_id=369\" class=\"wp-image-369\" srcset=\"https:\/\/a-conestilo.com\/wp-content\/uploads\/2020\/03\/ross-rollaction-01-1024x576.jpg 1024w, https:\/\/a-conestilo.com\/wp-content\/uploads\/2020\/03\/ross-rollaction-01-300x169.jpg 300w, https:\/\/a-conestilo.com\/wp-content\/uploads\/2020\/03\/ross-rollaction-01-768x432.jpg 768w, https:\/\/a-conestilo.com\/wp-content\/uploads\/2020\/03\/ross-rollaction-01.jpg 1080w\" sizes=\"(max-width: 709px) 85vw, (max-width: 909px) 67vw, (max-width: 1362px) 62vw, 840px\" \/><\/figure><\/li><\/ul><figcaption class=\"blocks-gallery-caption\"><strong> PROGRAMAS<\/strong> <br> 1.<strong>CELULITIS DURA Y EDEMATOSA<\/strong><br>2.<strong>CELULITIS BLANDA<\/strong><br>3.<strong>SOBREPESO<\/strong><br>4.<strong>ACTIVACI\u00d3N CIRCULATORIA<\/strong><br>5.<strong>TONIFICANTE \u2013 REMODELANTE<\/strong><br>6.<strong>DESCONTRACTURANTE<\/strong><br>7.<strong>MASAJE DEPORTIVO<\/strong> <\/figcaption><\/figure>\n<\/div><\/div>\n\n\n\n<div class=\"wp-container-11 wp-block-group\"><div class=\"wp-block-group__inner-container\">\n<p><\/p>\n\n\n\n<h2>DELUX BODY SCULPT<\/h2>\n\n\n\n<p>ANTI-CELULITE TREATMENT<\/p>\n<\/div><\/div>\n\n\n\n<figure class=\"wp-container-13 wp-block-gallery-12 wp-block-gallery columns-1 is-cropped\"><ul class=\"blocks-gallery-grid\"><li class=\"blocks-gallery-item\"><figure><img loading=\"lazy\" width=\"640\" height=\"480\" src=\"https:\/\/a-conestilo.com\/wp-content\/uploads\/2020\/03\/705AB0B1-141A-4EA2-B3D7-1C588001CE41.jpeg\" alt=\"\" data-id=\"205\" data-full-url=\"https:\/\/a-conestilo.com\/wp-content\/uploads\/2020\/03\/705AB0B1-141A-4EA2-B3D7-1C588001CE41.jpeg\" data-link=\"https:\/\/a-conestilo.com\/?attachment_id=205\" class=\"wp-image-205\" srcset=\"https:\/\/a-conestilo.com\/wp-content\/uploads\/2020\/03\/705AB0B1-141A-4EA2-B3D7-1C588001CE41.jpeg 640w, https:\/\/a-conestilo.com\/wp-content\/uploads\/2020\/03\/705AB0B1-141A-4EA2-B3D7-1C588001CE41-300x225.jpeg 300w\" sizes=\"(max-width: 640px) 85vw, 640px\" \/><\/figure><\/li><\/ul><\/figure>\n\n\n\n<h2>Consulta<\/h2>\n\n\n\n<p>Opciones de combinaci\u00f3n de: THERAPY COOL, ROLLACTION y BODY SCULPT para tu tratamiento reductor y patolog\u00edas.<\/p>\n\n\n\n<p><\/p>\n","protected":false},"excerpt":{"rendered":"<p>En Ara\u00f1ame con estilo puedes realizar tus tratamientos FACIALES y CORPORALES HIGIENE FACIAL FACIAL GUINOT CHOCOLATERAPIA FACIAL Y CORPORAL APARATOLOG\u00cdA THERAPY COOL Tratamiento de BALNEOTERAPIA M\u00c9TODO KNEIPP FR\u00cdO-CALOR *REMODELA (AYUDA A ADELGAZAR)*DETOXICA (ELIMINACI\u00d3N DE TOXINAS)*REAFIRMA (NUTRE LOS TEJIDOS)*TERMORREGULA (ACTICAVI\u00d3N CIRCULATORIA- MEJORA LAS VARICES&#8230;)*RELAJA (CUERPO Y MENTE) ROLLACTION SYSTEN DELUX BODY SCULPT ANTI-CELULITE TREATMENT Consulta Opciones &hellip; <a href=\"https:\/\/a-conestilo.com\/?page_id=124\" class=\"more-link\">Continuar leyendo<span class=\"screen-reader-text\"> \u00abTratamientos\u00bb<\/span><\/a><\/p>\n","protected":false},"author":1,"featured_media":0,"parent":0,"menu_order":0,"comment_status":"closed","ping_status":"closed","template":"","meta":[],"_links":{"self":[{"href":"https:\/\/a-conestilo.com\/index.php?rest_route=\/wp\/v2\/pages\/124"}],"collection":[{"href":"https:\/\/a-conestilo.com\/index.php?rest_route=\/wp\/v2\/pages"}],"about":[{"href":"https:\/\/a-conestilo.com\/index.php?rest_route=\/wp\/v2\/types\/page"}],"author":[{"embeddable":true,"href":"https:\/\/a-conestilo.com\/index.php?rest_route=\/wp\/v2\/users\/1"}],"replies":[{"embeddable":true,"href":"https:\/\/a-conestilo.com\/index.php?rest_route=%2Fwp%2Fv2%2Fcomments&post=124"}],"version-history":[{"count":14,"href":"https:\/\/a-conestilo.com\/index.php?rest_route=\/wp\/v2\/pages\/124\/revisions"}],"predecessor-version":[{"id":365,"href":"https:\/\/a-conestilo.com\/index.php?rest_route=\/wp\/v2\/pages\/124\/revisions\/365"}],"wp:attachment":[{"href":"https:\/\/a-conestilo.com\/index.php?rest_route=%2Fwp%2Fv2%2Fmedia&parent=124"}],"curies":[{"name":"wp","href":"https:\/\/api.w.org\/{rel}","templated":true}]}}