{"id":346,"date":"2020-03-24T20:23:21","date_gmt":"2020-03-24T20:23:21","guid":{"rendered":"https:\/\/a-conestilo.com\/?page_id=346"},"modified":"2020-03-24T20:23:21","modified_gmt":"2020-03-24T20:23:21","slug":"novedades","status":"publish","type":"page","link":"https:\/\/a-conestilo.com\/?page_id=346","title":{"rendered":"NOVEDADES"},"content":{"rendered":"\n<p><strong>FORMACI\u00d3N<\/strong><\/p>\n\n\n\n<p>En Ara\u00f1ame con estilo tenemos a tu disposici\u00f3n los diferentes cursos de T\u00e9cnico de U\u00f1as, desde iniciaci\u00f3n a avanzado. De la mano de nuestra formadora Vanessa Guisande, Master Educador Brillbird 2019 y Master internacional Brillbird 2020. <\/p>\n\n\n\n<figure class=\"wp-block-image size-large\"><img loading=\"lazy\" width=\"428\" height=\"640\" src=\"https:\/\/a-conestilo.com\/wp-content\/uploads\/2020\/03\/4B5390CA-DAA8-470F-A1E9-26D981D9E6AC.jpeg\" alt=\"\" class=\"wp-image-171\" srcset=\"https:\/\/a-conestilo.com\/wp-content\/uploads\/2020\/03\/4B5390CA-DAA8-470F-A1E9-26D981D9E6AC.jpeg 428w, https:\/\/a-conestilo.com\/wp-content\/uploads\/2020\/03\/4B5390CA-DAA8-470F-A1E9-26D981D9E6AC-201x300.jpeg 201w\" sizes=\"(max-width: 428px) 85vw, 428px\" \/><\/figure>\n\n\n\n<h2>NOTA INFORMATIVA<\/h2>\n\n\n\n<p>Si te apasiona el mundo de la est\u00e9tica, en nuestro centro te damos la oportunidad de realizar tus practicas, para que puedas obtener tu titulaci\u00f3n. Con posibilidad de bolsa de trabajo.<\/p>\n","protected":false},"excerpt":{"rendered":"<p>FORMACI\u00d3N En Ara\u00f1ame con estilo tenemos a tu disposici\u00f3n los diferentes cursos de T\u00e9cnico de U\u00f1as, desde iniciaci\u00f3n a avanzado. De la mano de nuestra formadora Vanessa Guisande, Master Educador Brillbird 2019 y Master internacional Brillbird 2020. NOTA INFORMATIVA Si te apasiona el mundo de la est\u00e9tica, en nuestro centro te damos la oportunidad de &hellip; <a href=\"https:\/\/a-conestilo.com\/?page_id=346\" class=\"more-link\">Continuar leyendo<span class=\"screen-reader-text\"> \u00abNOVEDADES\u00bb<\/span><\/a><\/p>\n","protected":false},"author":1,"featured_media":0,"parent":0,"menu_order":0,"comment_status":"closed","ping_status":"closed","template":"","meta":[],"_links":{"self":[{"href":"https:\/\/a-conestilo.com\/index.php?rest_route=\/wp\/v2\/pages\/346"}],"collection":[{"href":"https:\/\/a-conestilo.com\/index.php?rest_route=\/wp\/v2\/pages"}],"about":[{"href":"https:\/\/a-conestilo.com\/index.php?rest_route=\/wp\/v2\/types\/page"}],"author":[{"embeddable":true,"href":"https:\/\/a-conestilo.com\/index.php?rest_route=\/wp\/v2\/users\/1"}],"replies":[{"embeddable":true,"href":"https:\/\/a-conestilo.com\/index.php?rest_route=%2Fwp%2Fv2%2Fcomments&post=346"}],"version-history":[{"count":1,"href":"https:\/\/a-conestilo.com\/index.php?rest_route=\/wp\/v2\/pages\/346\/revisions"}],"predecessor-version":[{"id":348,"href":"https:\/\/a-conestilo.com\/index.php?rest_route=\/wp\/v2\/pages\/346\/revisions\/348"}],"wp:attachment":[{"href":"https:\/\/a-conestilo.com\/index.php?rest_route=%2Fwp%2Fv2%2Fmedia&parent=346"}],"curies":[{"name":"wp","href":"https:\/\/api.w.org\/{rel}","templated":true}]}}